{"id":3471,"date":"2025-12-04T12:48:42","date_gmt":"2025-12-04T12:48:42","guid":{"rendered":"https:\/\/powergenset.nl\/?post_type=product&#038;p=3471"},"modified":"2025-12-04T12:48:42","modified_gmt":"2025-12-04T12:48:42","slug":"apd-66c-rp-2","status":"publish","type":"product","link":"https:\/\/powergenset.nl\/fr\/generator-sets\/apd-66c-rp-2\/","title":{"rendered":"APD 66C RP"},"content":{"rendered":"","protected":false},"excerpt":{"rendered":"","protected":false},"featured_media":2216,"parent":0,"template":"","product-category":[77,68,59,65,62,74,95],"class_list":["post-3471","product","type-product","status-publish","has-post-thumbnail","hentry","product-category-cummins-fr","product-category-diesel-generators-fr","product-category-by-range-fr","product-category-by-engine-fr","product-category-by-power-fr","product-category-low-power-1-kva-to-375-kva-fr","product-category-rp-series-fr"],"yoast_head":"<!-- This site is optimized with the Yoast SEO plugin v24.7 - https:\/\/yoast.com\/wordpress\/plugins\/seo\/ -->\n<title>APD 66C RP - Power Genset Netherlands<\/title>\n<meta name=\"description\" content=\"Le g\u00e9n\u00e9rateur diesel Cummins APD 66C RP fournit une puissance et une efficacit\u00e9 fiables, soutenues par le service et l&#039;assistance experts de Power Genset NL.\" \/>\n<meta name=\"robots\" content=\"index, follow, max-snippet:-1, max-image-preview:large, max-video-preview:-1\" \/>\n<link rel=\"canonical\" href=\"https:\/\/powergenset.nl\/fr\/generator-sets\/apd-66c-rp-2\/\" \/>\n<meta property=\"og:locale\" content=\"fr_FR\" \/>\n<meta property=\"og:type\" content=\"article\" \/>\n<meta property=\"og:title\" content=\"APD 66C RP - Power Genset Netherlands\" \/>\n<meta property=\"og:description\" content=\"Le g\u00e9n\u00e9rateur diesel Cummins APD 66C RP fournit une puissance et une efficacit\u00e9 fiables, soutenues par le service et l&#039;assistance experts de Power Genset NL.\" \/>\n<meta property=\"og:url\" content=\"https:\/\/powergenset.nl\/fr\/generator-sets\/apd-66c-rp-2\/\" \/>\n<meta property=\"og:site_name\" content=\"Power Genset Netherlands\" \/>\n<meta property=\"og:image\" content=\"https:\/\/powergenset.nl\/wp-content\/uploads\/2024\/11\/Untitled-Project-5-2.webp\" \/>\n\t<meta property=\"og:image:width\" content=\"1093\" \/>\n\t<meta property=\"og:image:height\" content=\"720\" \/>\n\t<meta property=\"og:image:type\" content=\"image\/webp\" \/>\n<meta name=\"twitter:card\" content=\"summary_large_image\" \/>\n<script type=\"application\/ld+json\" class=\"yoast-schema-graph\">{\"@context\":\"https:\/\/schema.org\",\"@graph\":[{\"@type\":\"WebPage\",\"@id\":\"https:\/\/powergenset.nl\/fr\/generator-sets\/apd-66c-rp-2\/\",\"url\":\"https:\/\/powergenset.nl\/fr\/generator-sets\/apd-66c-rp-2\/\",\"name\":\"APD 66C RP - Power Genset Netherlands\",\"isPartOf\":{\"@id\":\"https:\/\/powergenset.nl\/fr\/#website\"},\"primaryImageOfPage\":{\"@id\":\"https:\/\/powergenset.nl\/fr\/generator-sets\/apd-66c-rp-2\/#primaryimage\"},\"image\":{\"@id\":\"https:\/\/powergenset.nl\/fr\/generator-sets\/apd-66c-rp-2\/#primaryimage\"},\"thumbnailUrl\":\"https:\/\/powergenset.nl\/wp-content\/uploads\/2024\/11\/Untitled-Project-5-2.webp\",\"datePublished\":\"2025-12-04T12:48:42+00:00\",\"description\":\"Le g\u00e9n\u00e9rateur diesel Cummins APD 66C RP fournit une puissance et une efficacit\u00e9 fiables, soutenues par le service et l'assistance experts de Power Genset NL.\",\"breadcrumb\":{\"@id\":\"https:\/\/powergenset.nl\/fr\/generator-sets\/apd-66c-rp-2\/#breadcrumb\"},\"inLanguage\":\"fr-FR\",\"potentialAction\":[{\"@type\":\"ReadAction\",\"target\":[\"https:\/\/powergenset.nl\/fr\/generator-sets\/apd-66c-rp-2\/\"]}]},{\"@type\":\"ImageObject\",\"inLanguage\":\"fr-FR\",\"@id\":\"https:\/\/powergenset.nl\/fr\/generator-sets\/apd-66c-rp-2\/#primaryimage\",\"url\":\"https:\/\/powergenset.nl\/wp-content\/uploads\/2024\/11\/Untitled-Project-5-2.webp\",\"contentUrl\":\"https:\/\/powergenset.nl\/wp-content\/uploads\/2024\/11\/Untitled-Project-5-2.webp\",\"width\":1093,\"height\":720},{\"@type\":\"BreadcrumbList\",\"@id\":\"https:\/\/powergenset.nl\/fr\/generator-sets\/apd-66c-rp-2\/#breadcrumb\",\"itemListElement\":[{\"@type\":\"ListItem\",\"position\":1,\"name\":\"Home\",\"item\":\"https:\/\/powergenset.nl\/fr\/\"},{\"@type\":\"ListItem\",\"position\":2,\"name\":\"Generator Sets\",\"item\":\"https:\/\/powergenset.nl\/fr\/generator-sets\/\"},{\"@type\":\"ListItem\",\"position\":3,\"name\":\"APD 66C RP\"}]},{\"@type\":\"WebSite\",\"@id\":\"https:\/\/powergenset.nl\/fr\/#website\",\"url\":\"https:\/\/powergenset.nl\/fr\/\",\"name\":\"Power Genset Netherlands\",\"description\":\"Reliable Power Solutions\",\"publisher\":{\"@id\":\"https:\/\/powergenset.nl\/fr\/#organization\"},\"potentialAction\":[{\"@type\":\"SearchAction\",\"target\":{\"@type\":\"EntryPoint\",\"urlTemplate\":\"https:\/\/powergenset.nl\/fr\/?s={search_term_string}\"},\"query-input\":{\"@type\":\"PropertyValueSpecification\",\"valueRequired\":true,\"valueName\":\"search_term_string\"}}],\"inLanguage\":\"fr-FR\"},{\"@type\":\"Organization\",\"@id\":\"https:\/\/powergenset.nl\/fr\/#organization\",\"name\":\"Power Genset Netherlands\",\"url\":\"https:\/\/powergenset.nl\/fr\/\",\"logo\":{\"@type\":\"ImageObject\",\"inLanguage\":\"fr-FR\",\"@id\":\"https:\/\/powergenset.nl\/fr\/#\/schema\/logo\/image\/\",\"url\":\"https:\/\/powergenset.nl\/wp-content\/uploads\/2024\/11\/logo-powergenset.svg\",\"contentUrl\":\"https:\/\/powergenset.nl\/wp-content\/uploads\/2024\/11\/logo-powergenset.svg\",\"width\":292,\"height\":60,\"caption\":\"Power Genset Netherlands\"},\"image\":{\"@id\":\"https:\/\/powergenset.nl\/fr\/#\/schema\/logo\/image\/\"}}]}<\/script>\n<!-- \/ Yoast SEO plugin. -->","yoast_head_json":{"title":"APD 66C RP - Power Genset Netherlands","description":"Le g\u00e9n\u00e9rateur diesel Cummins APD 66C RP fournit une puissance et une efficacit\u00e9 fiables, soutenues par le service et l'assistance experts de Power Genset NL.","robots":{"index":"index","follow":"follow","max-snippet":"max-snippet:-1","max-image-preview":"max-image-preview:large","max-video-preview":"max-video-preview:-1"},"canonical":"https:\/\/powergenset.nl\/fr\/generator-sets\/apd-66c-rp-2\/","og_locale":"fr_FR","og_type":"article","og_title":"APD 66C RP - Power Genset Netherlands","og_description":"Le g\u00e9n\u00e9rateur diesel Cummins APD 66C RP fournit une puissance et une efficacit\u00e9 fiables, soutenues par le service et l'assistance experts de Power Genset NL.","og_url":"https:\/\/powergenset.nl\/fr\/generator-sets\/apd-66c-rp-2\/","og_site_name":"Power Genset Netherlands","og_image":[{"width":1093,"height":720,"url":"https:\/\/powergenset.nl\/wp-content\/uploads\/2024\/11\/Untitled-Project-5-2.webp","type":"image\/webp"}],"twitter_card":"summary_large_image","schema":{"@context":"https:\/\/schema.org","@graph":[{"@type":"WebPage","@id":"https:\/\/powergenset.nl\/fr\/generator-sets\/apd-66c-rp-2\/","url":"https:\/\/powergenset.nl\/fr\/generator-sets\/apd-66c-rp-2\/","name":"APD 66C RP - Power Genset Netherlands","isPartOf":{"@id":"https:\/\/powergenset.nl\/fr\/#website"},"primaryImageOfPage":{"@id":"https:\/\/powergenset.nl\/fr\/generator-sets\/apd-66c-rp-2\/#primaryimage"},"image":{"@id":"https:\/\/powergenset.nl\/fr\/generator-sets\/apd-66c-rp-2\/#primaryimage"},"thumbnailUrl":"https:\/\/powergenset.nl\/wp-content\/uploads\/2024\/11\/Untitled-Project-5-2.webp","datePublished":"2025-12-04T12:48:42+00:00","description":"Le g\u00e9n\u00e9rateur diesel Cummins APD 66C RP fournit une puissance et une efficacit\u00e9 fiables, soutenues par le service et l'assistance experts de Power Genset NL.","breadcrumb":{"@id":"https:\/\/powergenset.nl\/fr\/generator-sets\/apd-66c-rp-2\/#breadcrumb"},"inLanguage":"fr-FR","potentialAction":[{"@type":"ReadAction","target":["https:\/\/powergenset.nl\/fr\/generator-sets\/apd-66c-rp-2\/"]}]},{"@type":"ImageObject","inLanguage":"fr-FR","@id":"https:\/\/powergenset.nl\/fr\/generator-sets\/apd-66c-rp-2\/#primaryimage","url":"https:\/\/powergenset.nl\/wp-content\/uploads\/2024\/11\/Untitled-Project-5-2.webp","contentUrl":"https:\/\/powergenset.nl\/wp-content\/uploads\/2024\/11\/Untitled-Project-5-2.webp","width":1093,"height":720},{"@type":"BreadcrumbList","@id":"https:\/\/powergenset.nl\/fr\/generator-sets\/apd-66c-rp-2\/#breadcrumb","itemListElement":[{"@type":"ListItem","position":1,"name":"Home","item":"https:\/\/powergenset.nl\/fr\/"},{"@type":"ListItem","position":2,"name":"Generator Sets","item":"https:\/\/powergenset.nl\/fr\/generator-sets\/"},{"@type":"ListItem","position":3,"name":"APD 66C RP"}]},{"@type":"WebSite","@id":"https:\/\/powergenset.nl\/fr\/#website","url":"https:\/\/powergenset.nl\/fr\/","name":"Power Genset Netherlands","description":"Reliable Power Solutions","publisher":{"@id":"https:\/\/powergenset.nl\/fr\/#organization"},"potentialAction":[{"@type":"SearchAction","target":{"@type":"EntryPoint","urlTemplate":"https:\/\/powergenset.nl\/fr\/?s={search_term_string}"},"query-input":{"@type":"PropertyValueSpecification","valueRequired":true,"valueName":"search_term_string"}}],"inLanguage":"fr-FR"},{"@type":"Organization","@id":"https:\/\/powergenset.nl\/fr\/#organization","name":"Power Genset Netherlands","url":"https:\/\/powergenset.nl\/fr\/","logo":{"@type":"ImageObject","inLanguage":"fr-FR","@id":"https:\/\/powergenset.nl\/fr\/#\/schema\/logo\/image\/","url":"https:\/\/powergenset.nl\/wp-content\/uploads\/2024\/11\/logo-powergenset.svg","contentUrl":"https:\/\/powergenset.nl\/wp-content\/uploads\/2024\/11\/logo-powergenset.svg","width":292,"height":60,"caption":"Power Genset Netherlands"},"image":{"@id":"https:\/\/powergenset.nl\/fr\/#\/schema\/logo\/image\/"}}]}},"_links":{"self":[{"href":"https:\/\/powergenset.nl\/fr\/wp-json\/wp\/v2\/product\/3471","targetHints":{"allow":["GET"]}}],"collection":[{"href":"https:\/\/powergenset.nl\/fr\/wp-json\/wp\/v2\/product"}],"about":[{"href":"https:\/\/powergenset.nl\/fr\/wp-json\/wp\/v2\/types\/product"}],"wp:featuredmedia":[{"embeddable":true,"href":"https:\/\/powergenset.nl\/fr\/wp-json\/wp\/v2\/media\/2216"}],"wp:attachment":[{"href":"https:\/\/powergenset.nl\/fr\/wp-json\/wp\/v2\/media?parent=3471"}],"wp:term":[{"taxonomy":"product-category","embeddable":true,"href":"https:\/\/powergenset.nl\/fr\/wp-json\/wp\/v2\/product-category?post=3471"}],"curies":[{"name":"wp","href":"https:\/\/api.w.org\/{rel}","templated":true}]}}