{"id":2966,"date":"2024-11-25T09:00:30","date_gmt":"2024-11-25T09:00:30","guid":{"rendered":"https:\/\/powergenset.nl\/generator-sets\/apd-165a\/"},"modified":"2024-11-25T09:00:30","modified_gmt":"2024-11-25T09:00:30","slug":"apd-165a","status":"publish","type":"product","link":"https:\/\/powergenset.nl\/fr\/generator-sets\/apd-165a\/","title":{"rendered":"APD 165A"},"content":{"rendered":"","protected":false},"excerpt":{"rendered":"","protected":false},"featured_media":2222,"parent":0,"template":"","product-category":[92,68,98,59,65,62,74],"class_list":["post-2966","product","type-product","status-publish","has-post-thumbnail","hentry","product-category-aksa-fr","product-category-diesel-generators-fr","product-category-eu-back-up-series-fr","product-category-by-range-fr","product-category-by-engine-fr","product-category-by-power-fr","product-category-low-power-1-kva-to-375-kva-fr"],"yoast_head":"<!-- This site is optimized with the Yoast SEO plugin v24.7 - https:\/\/yoast.com\/wordpress\/plugins\/seo\/ -->\n<title>APD 165A - Power Genset Netherlands<\/title>\n<meta name=\"description\" content=\"Alimentez vos op\u00e9rations avec le g\u00e9n\u00e9rateur diesel AKSA APD 165A, offrant des performances in\u00e9gal\u00e9es et soutenu par le service de confiance de Power Genset NL.\" \/>\n<meta name=\"robots\" content=\"index, follow, max-snippet:-1, max-image-preview:large, max-video-preview:-1\" \/>\n<link rel=\"canonical\" href=\"https:\/\/powergenset.nl\/fr\/generator-sets\/apd-165a\/\" \/>\n<meta property=\"og:locale\" content=\"fr_FR\" \/>\n<meta property=\"og:type\" content=\"article\" \/>\n<meta property=\"og:title\" content=\"APD 165A - Power Genset Netherlands\" \/>\n<meta property=\"og:description\" content=\"Alimentez vos op\u00e9rations avec le g\u00e9n\u00e9rateur diesel AKSA APD 165A, offrant des performances in\u00e9gal\u00e9es et soutenu par le service de confiance de Power Genset NL.\" \/>\n<meta property=\"og:url\" content=\"https:\/\/powergenset.nl\/fr\/generator-sets\/apd-165a\/\" \/>\n<meta property=\"og:site_name\" content=\"Power Genset Netherlands\" \/>\n<meta property=\"og:image\" content=\"https:\/\/powergenset.nl\/wp-content\/uploads\/2024\/11\/APD_165A.webp\" \/>\n\t<meta property=\"og:image:width\" content=\"1130\" \/>\n\t<meta property=\"og:image:height\" content=\"665\" \/>\n\t<meta property=\"og:image:type\" content=\"image\/webp\" \/>\n<meta name=\"twitter:card\" content=\"summary_large_image\" \/>\n<script type=\"application\/ld+json\" class=\"yoast-schema-graph\">{\"@context\":\"https:\/\/schema.org\",\"@graph\":[{\"@type\":\"WebPage\",\"@id\":\"https:\/\/powergenset.nl\/fr\/generator-sets\/apd-165a\/\",\"url\":\"https:\/\/powergenset.nl\/fr\/generator-sets\/apd-165a\/\",\"name\":\"APD 165A - Power Genset Netherlands\",\"isPartOf\":{\"@id\":\"https:\/\/powergenset.nl\/fr\/#website\"},\"primaryImageOfPage\":{\"@id\":\"https:\/\/powergenset.nl\/fr\/generator-sets\/apd-165a\/#primaryimage\"},\"image\":{\"@id\":\"https:\/\/powergenset.nl\/fr\/generator-sets\/apd-165a\/#primaryimage\"},\"thumbnailUrl\":\"https:\/\/powergenset.nl\/wp-content\/uploads\/2024\/11\/APD_165A.webp\",\"datePublished\":\"2024-11-25T09:00:30+00:00\",\"description\":\"Alimentez vos op\u00e9rations avec le g\u00e9n\u00e9rateur diesel AKSA APD 165A, offrant des performances in\u00e9gal\u00e9es et soutenu par le service de confiance de Power Genset NL.\",\"breadcrumb\":{\"@id\":\"https:\/\/powergenset.nl\/fr\/generator-sets\/apd-165a\/#breadcrumb\"},\"inLanguage\":\"fr-FR\",\"potentialAction\":[{\"@type\":\"ReadAction\",\"target\":[\"https:\/\/powergenset.nl\/fr\/generator-sets\/apd-165a\/\"]}]},{\"@type\":\"ImageObject\",\"inLanguage\":\"fr-FR\",\"@id\":\"https:\/\/powergenset.nl\/fr\/generator-sets\/apd-165a\/#primaryimage\",\"url\":\"https:\/\/powergenset.nl\/wp-content\/uploads\/2024\/11\/APD_165A.webp\",\"contentUrl\":\"https:\/\/powergenset.nl\/wp-content\/uploads\/2024\/11\/APD_165A.webp\",\"width\":1130,\"height\":665},{\"@type\":\"BreadcrumbList\",\"@id\":\"https:\/\/powergenset.nl\/fr\/generator-sets\/apd-165a\/#breadcrumb\",\"itemListElement\":[{\"@type\":\"ListItem\",\"position\":1,\"name\":\"Home\",\"item\":\"https:\/\/powergenset.nl\/fr\/\"},{\"@type\":\"ListItem\",\"position\":2,\"name\":\"Generator Sets\",\"item\":\"https:\/\/powergenset.nl\/fr\/generator-sets\/\"},{\"@type\":\"ListItem\",\"position\":3,\"name\":\"APD 165A\"}]},{\"@type\":\"WebSite\",\"@id\":\"https:\/\/powergenset.nl\/fr\/#website\",\"url\":\"https:\/\/powergenset.nl\/fr\/\",\"name\":\"Power Genset Netherlands\",\"description\":\"Reliable Power Solutions\",\"publisher\":{\"@id\":\"https:\/\/powergenset.nl\/fr\/#organization\"},\"potentialAction\":[{\"@type\":\"SearchAction\",\"target\":{\"@type\":\"EntryPoint\",\"urlTemplate\":\"https:\/\/powergenset.nl\/fr\/?s={search_term_string}\"},\"query-input\":{\"@type\":\"PropertyValueSpecification\",\"valueRequired\":true,\"valueName\":\"search_term_string\"}}],\"inLanguage\":\"fr-FR\"},{\"@type\":\"Organization\",\"@id\":\"https:\/\/powergenset.nl\/fr\/#organization\",\"name\":\"Power Genset Netherlands\",\"url\":\"https:\/\/powergenset.nl\/fr\/\",\"logo\":{\"@type\":\"ImageObject\",\"inLanguage\":\"fr-FR\",\"@id\":\"https:\/\/powergenset.nl\/fr\/#\/schema\/logo\/image\/\",\"url\":\"https:\/\/powergenset.nl\/wp-content\/uploads\/2024\/11\/logo-powergenset.svg\",\"contentUrl\":\"https:\/\/powergenset.nl\/wp-content\/uploads\/2024\/11\/logo-powergenset.svg\",\"width\":292,\"height\":60,\"caption\":\"Power Genset Netherlands\"},\"image\":{\"@id\":\"https:\/\/powergenset.nl\/fr\/#\/schema\/logo\/image\/\"}}]}<\/script>\n<!-- \/ Yoast SEO plugin. -->","yoast_head_json":{"title":"APD 165A - Power Genset Netherlands","description":"Alimentez vos op\u00e9rations avec le g\u00e9n\u00e9rateur diesel AKSA APD 165A, offrant des performances in\u00e9gal\u00e9es et soutenu par le service de confiance de Power Genset NL.","robots":{"index":"index","follow":"follow","max-snippet":"max-snippet:-1","max-image-preview":"max-image-preview:large","max-video-preview":"max-video-preview:-1"},"canonical":"https:\/\/powergenset.nl\/fr\/generator-sets\/apd-165a\/","og_locale":"fr_FR","og_type":"article","og_title":"APD 165A - Power Genset Netherlands","og_description":"Alimentez vos op\u00e9rations avec le g\u00e9n\u00e9rateur diesel AKSA APD 165A, offrant des performances in\u00e9gal\u00e9es et soutenu par le service de confiance de Power Genset NL.","og_url":"https:\/\/powergenset.nl\/fr\/generator-sets\/apd-165a\/","og_site_name":"Power Genset Netherlands","og_image":[{"width":1130,"height":665,"url":"https:\/\/powergenset.nl\/wp-content\/uploads\/2024\/11\/APD_165A.webp","type":"image\/webp"}],"twitter_card":"summary_large_image","schema":{"@context":"https:\/\/schema.org","@graph":[{"@type":"WebPage","@id":"https:\/\/powergenset.nl\/fr\/generator-sets\/apd-165a\/","url":"https:\/\/powergenset.nl\/fr\/generator-sets\/apd-165a\/","name":"APD 165A - Power Genset Netherlands","isPartOf":{"@id":"https:\/\/powergenset.nl\/fr\/#website"},"primaryImageOfPage":{"@id":"https:\/\/powergenset.nl\/fr\/generator-sets\/apd-165a\/#primaryimage"},"image":{"@id":"https:\/\/powergenset.nl\/fr\/generator-sets\/apd-165a\/#primaryimage"},"thumbnailUrl":"https:\/\/powergenset.nl\/wp-content\/uploads\/2024\/11\/APD_165A.webp","datePublished":"2024-11-25T09:00:30+00:00","description":"Alimentez vos op\u00e9rations avec le g\u00e9n\u00e9rateur diesel AKSA APD 165A, offrant des performances in\u00e9gal\u00e9es et soutenu par le service de confiance de Power Genset NL.","breadcrumb":{"@id":"https:\/\/powergenset.nl\/fr\/generator-sets\/apd-165a\/#breadcrumb"},"inLanguage":"fr-FR","potentialAction":[{"@type":"ReadAction","target":["https:\/\/powergenset.nl\/fr\/generator-sets\/apd-165a\/"]}]},{"@type":"ImageObject","inLanguage":"fr-FR","@id":"https:\/\/powergenset.nl\/fr\/generator-sets\/apd-165a\/#primaryimage","url":"https:\/\/powergenset.nl\/wp-content\/uploads\/2024\/11\/APD_165A.webp","contentUrl":"https:\/\/powergenset.nl\/wp-content\/uploads\/2024\/11\/APD_165A.webp","width":1130,"height":665},{"@type":"BreadcrumbList","@id":"https:\/\/powergenset.nl\/fr\/generator-sets\/apd-165a\/#breadcrumb","itemListElement":[{"@type":"ListItem","position":1,"name":"Home","item":"https:\/\/powergenset.nl\/fr\/"},{"@type":"ListItem","position":2,"name":"Generator Sets","item":"https:\/\/powergenset.nl\/fr\/generator-sets\/"},{"@type":"ListItem","position":3,"name":"APD 165A"}]},{"@type":"WebSite","@id":"https:\/\/powergenset.nl\/fr\/#website","url":"https:\/\/powergenset.nl\/fr\/","name":"Power Genset Netherlands","description":"Reliable Power Solutions","publisher":{"@id":"https:\/\/powergenset.nl\/fr\/#organization"},"potentialAction":[{"@type":"SearchAction","target":{"@type":"EntryPoint","urlTemplate":"https:\/\/powergenset.nl\/fr\/?s={search_term_string}"},"query-input":{"@type":"PropertyValueSpecification","valueRequired":true,"valueName":"search_term_string"}}],"inLanguage":"fr-FR"},{"@type":"Organization","@id":"https:\/\/powergenset.nl\/fr\/#organization","name":"Power Genset Netherlands","url":"https:\/\/powergenset.nl\/fr\/","logo":{"@type":"ImageObject","inLanguage":"fr-FR","@id":"https:\/\/powergenset.nl\/fr\/#\/schema\/logo\/image\/","url":"https:\/\/powergenset.nl\/wp-content\/uploads\/2024\/11\/logo-powergenset.svg","contentUrl":"https:\/\/powergenset.nl\/wp-content\/uploads\/2024\/11\/logo-powergenset.svg","width":292,"height":60,"caption":"Power Genset Netherlands"},"image":{"@id":"https:\/\/powergenset.nl\/fr\/#\/schema\/logo\/image\/"}}]}},"_links":{"self":[{"href":"https:\/\/powergenset.nl\/fr\/wp-json\/wp\/v2\/product\/2966","targetHints":{"allow":["GET"]}}],"collection":[{"href":"https:\/\/powergenset.nl\/fr\/wp-json\/wp\/v2\/product"}],"about":[{"href":"https:\/\/powergenset.nl\/fr\/wp-json\/wp\/v2\/types\/product"}],"wp:featuredmedia":[{"embeddable":true,"href":"https:\/\/powergenset.nl\/fr\/wp-json\/wp\/v2\/media\/2222"}],"wp:attachment":[{"href":"https:\/\/powergenset.nl\/fr\/wp-json\/wp\/v2\/media?parent=2966"}],"wp:term":[{"taxonomy":"product-category","embeddable":true,"href":"https:\/\/powergenset.nl\/fr\/wp-json\/wp\/v2\/product-category?post=2966"}],"curies":[{"name":"wp","href":"https:\/\/api.w.org\/{rel}","templated":true}]}}