{"id":2981,"date":"2024-11-25T09:06:55","date_gmt":"2024-11-25T09:06:55","guid":{"rendered":"https:\/\/powergenset.nl\/generator-sets\/apd-72p\/"},"modified":"2024-11-25T09:06:55","modified_gmt":"2024-11-25T09:06:55","slug":"apd-72p","status":"publish","type":"product","link":"https:\/\/powergenset.nl\/de\/generator-sets\/apd-72p\/","title":{"rendered":"APD 72P"},"content":{"rendered":"","protected":false},"excerpt":{"rendered":"","protected":false},"featured_media":2271,"parent":0,"template":"","product-category":[69,99,66,63,60,75,84],"class_list":["post-2981","product","type-product","status-publish","has-post-thumbnail","hentry","product-category-diesel-generators-de","product-category-eu-back-up-series-de","product-category-by-engine-de","product-category-by-power-de","product-category-by-range-de","product-category-low-power-1-kva-to-375-kva-de","product-category-perkins-de"],"yoast_head":"<!-- This site is optimized with the Yoast SEO plugin v24.7 - https:\/\/yoast.com\/wordpress\/plugins\/seo\/ -->\n<title>APD 72P - Power Genset Netherlands<\/title>\n<meta name=\"description\" content=\"Das Perkins APD 72P Dieselaggregat liefert 72 kVA an zuverl\u00e4ssiger Leistung, perfekt f\u00fcr den Backup-Energiebedarf, unterst\u00fctzt von Power Genset NL.\" \/>\n<meta name=\"robots\" content=\"index, follow, max-snippet:-1, max-image-preview:large, max-video-preview:-1\" \/>\n<link rel=\"canonical\" href=\"https:\/\/powergenset.nl\/de\/generator-sets\/apd-72p\/\" \/>\n<meta property=\"og:locale\" content=\"de_DE\" \/>\n<meta property=\"og:type\" content=\"article\" \/>\n<meta property=\"og:title\" content=\"APD 72P - Power Genset Netherlands\" \/>\n<meta property=\"og:description\" content=\"Das Perkins APD 72P Dieselaggregat liefert 72 kVA an zuverl\u00e4ssiger Leistung, perfekt f\u00fcr den Backup-Energiebedarf, unterst\u00fctzt von Power Genset NL.\" \/>\n<meta property=\"og:url\" content=\"https:\/\/powergenset.nl\/de\/generator-sets\/apd-72p\/\" \/>\n<meta property=\"og:site_name\" content=\"Power Genset Netherlands\" \/>\n<meta property=\"og:image\" content=\"https:\/\/powergenset.nl\/wp-content\/uploads\/2024\/11\/APD_172P.webp\" \/>\n\t<meta property=\"og:image:width\" content=\"1042\" \/>\n\t<meta property=\"og:image:height\" content=\"691\" \/>\n\t<meta property=\"og:image:type\" content=\"image\/webp\" \/>\n<meta name=\"twitter:card\" content=\"summary_large_image\" \/>\n<script type=\"application\/ld+json\" class=\"yoast-schema-graph\">{\"@context\":\"https:\/\/schema.org\",\"@graph\":[{\"@type\":\"WebPage\",\"@id\":\"https:\/\/powergenset.nl\/de\/generator-sets\/apd-72p\/\",\"url\":\"https:\/\/powergenset.nl\/de\/generator-sets\/apd-72p\/\",\"name\":\"APD 72P - Power Genset Netherlands\",\"isPartOf\":{\"@id\":\"https:\/\/powergenset.nl\/de\/#website\"},\"primaryImageOfPage\":{\"@id\":\"https:\/\/powergenset.nl\/de\/generator-sets\/apd-72p\/#primaryimage\"},\"image\":{\"@id\":\"https:\/\/powergenset.nl\/de\/generator-sets\/apd-72p\/#primaryimage\"},\"thumbnailUrl\":\"https:\/\/powergenset.nl\/wp-content\/uploads\/2024\/11\/APD_172P.webp\",\"datePublished\":\"2024-11-25T09:06:55+00:00\",\"description\":\"Das Perkins APD 72P Dieselaggregat liefert 72 kVA an zuverl\u00e4ssiger Leistung, perfekt f\u00fcr den Backup-Energiebedarf, unterst\u00fctzt von Power Genset NL.\",\"breadcrumb\":{\"@id\":\"https:\/\/powergenset.nl\/de\/generator-sets\/apd-72p\/#breadcrumb\"},\"inLanguage\":\"de\",\"potentialAction\":[{\"@type\":\"ReadAction\",\"target\":[\"https:\/\/powergenset.nl\/de\/generator-sets\/apd-72p\/\"]}]},{\"@type\":\"ImageObject\",\"inLanguage\":\"de\",\"@id\":\"https:\/\/powergenset.nl\/de\/generator-sets\/apd-72p\/#primaryimage\",\"url\":\"https:\/\/powergenset.nl\/wp-content\/uploads\/2024\/11\/APD_172P.webp\",\"contentUrl\":\"https:\/\/powergenset.nl\/wp-content\/uploads\/2024\/11\/APD_172P.webp\",\"width\":1042,\"height\":691},{\"@type\":\"BreadcrumbList\",\"@id\":\"https:\/\/powergenset.nl\/de\/generator-sets\/apd-72p\/#breadcrumb\",\"itemListElement\":[{\"@type\":\"ListItem\",\"position\":1,\"name\":\"Home\",\"item\":\"https:\/\/powergenset.nl\/de\/\"},{\"@type\":\"ListItem\",\"position\":2,\"name\":\"Generator Sets\",\"item\":\"https:\/\/powergenset.nl\/de\/generator-sets\/\"},{\"@type\":\"ListItem\",\"position\":3,\"name\":\"APD 72P\"}]},{\"@type\":\"WebSite\",\"@id\":\"https:\/\/powergenset.nl\/de\/#website\",\"url\":\"https:\/\/powergenset.nl\/de\/\",\"name\":\"Power Genset Netherlands\",\"description\":\"Reliable Power Solutions\",\"publisher\":{\"@id\":\"https:\/\/powergenset.nl\/de\/#organization\"},\"potentialAction\":[{\"@type\":\"SearchAction\",\"target\":{\"@type\":\"EntryPoint\",\"urlTemplate\":\"https:\/\/powergenset.nl\/de\/?s={search_term_string}\"},\"query-input\":{\"@type\":\"PropertyValueSpecification\",\"valueRequired\":true,\"valueName\":\"search_term_string\"}}],\"inLanguage\":\"de\"},{\"@type\":\"Organization\",\"@id\":\"https:\/\/powergenset.nl\/de\/#organization\",\"name\":\"Power Genset Netherlands\",\"url\":\"https:\/\/powergenset.nl\/de\/\",\"logo\":{\"@type\":\"ImageObject\",\"inLanguage\":\"de\",\"@id\":\"https:\/\/powergenset.nl\/de\/#\/schema\/logo\/image\/\",\"url\":\"https:\/\/powergenset.nl\/wp-content\/uploads\/2024\/11\/logo-powergenset.svg\",\"contentUrl\":\"https:\/\/powergenset.nl\/wp-content\/uploads\/2024\/11\/logo-powergenset.svg\",\"width\":292,\"height\":60,\"caption\":\"Power Genset Netherlands\"},\"image\":{\"@id\":\"https:\/\/powergenset.nl\/de\/#\/schema\/logo\/image\/\"}}]}<\/script>\n<!-- \/ Yoast SEO plugin. -->","yoast_head_json":{"title":"APD 72P - Power Genset Netherlands","description":"Das Perkins APD 72P Dieselaggregat liefert 72 kVA an zuverl\u00e4ssiger Leistung, perfekt f\u00fcr den Backup-Energiebedarf, unterst\u00fctzt von Power Genset NL.","robots":{"index":"index","follow":"follow","max-snippet":"max-snippet:-1","max-image-preview":"max-image-preview:large","max-video-preview":"max-video-preview:-1"},"canonical":"https:\/\/powergenset.nl\/de\/generator-sets\/apd-72p\/","og_locale":"de_DE","og_type":"article","og_title":"APD 72P - Power Genset Netherlands","og_description":"Das Perkins APD 72P Dieselaggregat liefert 72 kVA an zuverl\u00e4ssiger Leistung, perfekt f\u00fcr den Backup-Energiebedarf, unterst\u00fctzt von Power Genset NL.","og_url":"https:\/\/powergenset.nl\/de\/generator-sets\/apd-72p\/","og_site_name":"Power Genset Netherlands","og_image":[{"width":1042,"height":691,"url":"https:\/\/powergenset.nl\/wp-content\/uploads\/2024\/11\/APD_172P.webp","type":"image\/webp"}],"twitter_card":"summary_large_image","schema":{"@context":"https:\/\/schema.org","@graph":[{"@type":"WebPage","@id":"https:\/\/powergenset.nl\/de\/generator-sets\/apd-72p\/","url":"https:\/\/powergenset.nl\/de\/generator-sets\/apd-72p\/","name":"APD 72P - Power Genset Netherlands","isPartOf":{"@id":"https:\/\/powergenset.nl\/de\/#website"},"primaryImageOfPage":{"@id":"https:\/\/powergenset.nl\/de\/generator-sets\/apd-72p\/#primaryimage"},"image":{"@id":"https:\/\/powergenset.nl\/de\/generator-sets\/apd-72p\/#primaryimage"},"thumbnailUrl":"https:\/\/powergenset.nl\/wp-content\/uploads\/2024\/11\/APD_172P.webp","datePublished":"2024-11-25T09:06:55+00:00","description":"Das Perkins APD 72P Dieselaggregat liefert 72 kVA an zuverl\u00e4ssiger Leistung, perfekt f\u00fcr den Backup-Energiebedarf, unterst\u00fctzt von Power Genset NL.","breadcrumb":{"@id":"https:\/\/powergenset.nl\/de\/generator-sets\/apd-72p\/#breadcrumb"},"inLanguage":"de","potentialAction":[{"@type":"ReadAction","target":["https:\/\/powergenset.nl\/de\/generator-sets\/apd-72p\/"]}]},{"@type":"ImageObject","inLanguage":"de","@id":"https:\/\/powergenset.nl\/de\/generator-sets\/apd-72p\/#primaryimage","url":"https:\/\/powergenset.nl\/wp-content\/uploads\/2024\/11\/APD_172P.webp","contentUrl":"https:\/\/powergenset.nl\/wp-content\/uploads\/2024\/11\/APD_172P.webp","width":1042,"height":691},{"@type":"BreadcrumbList","@id":"https:\/\/powergenset.nl\/de\/generator-sets\/apd-72p\/#breadcrumb","itemListElement":[{"@type":"ListItem","position":1,"name":"Home","item":"https:\/\/powergenset.nl\/de\/"},{"@type":"ListItem","position":2,"name":"Generator Sets","item":"https:\/\/powergenset.nl\/de\/generator-sets\/"},{"@type":"ListItem","position":3,"name":"APD 72P"}]},{"@type":"WebSite","@id":"https:\/\/powergenset.nl\/de\/#website","url":"https:\/\/powergenset.nl\/de\/","name":"Power Genset Netherlands","description":"Reliable Power Solutions","publisher":{"@id":"https:\/\/powergenset.nl\/de\/#organization"},"potentialAction":[{"@type":"SearchAction","target":{"@type":"EntryPoint","urlTemplate":"https:\/\/powergenset.nl\/de\/?s={search_term_string}"},"query-input":{"@type":"PropertyValueSpecification","valueRequired":true,"valueName":"search_term_string"}}],"inLanguage":"de"},{"@type":"Organization","@id":"https:\/\/powergenset.nl\/de\/#organization","name":"Power Genset Netherlands","url":"https:\/\/powergenset.nl\/de\/","logo":{"@type":"ImageObject","inLanguage":"de","@id":"https:\/\/powergenset.nl\/de\/#\/schema\/logo\/image\/","url":"https:\/\/powergenset.nl\/wp-content\/uploads\/2024\/11\/logo-powergenset.svg","contentUrl":"https:\/\/powergenset.nl\/wp-content\/uploads\/2024\/11\/logo-powergenset.svg","width":292,"height":60,"caption":"Power Genset Netherlands"},"image":{"@id":"https:\/\/powergenset.nl\/de\/#\/schema\/logo\/image\/"}}]}},"_links":{"self":[{"href":"https:\/\/powergenset.nl\/de\/wp-json\/wp\/v2\/product\/2981","targetHints":{"allow":["GET"]}}],"collection":[{"href":"https:\/\/powergenset.nl\/de\/wp-json\/wp\/v2\/product"}],"about":[{"href":"https:\/\/powergenset.nl\/de\/wp-json\/wp\/v2\/types\/product"}],"wp:featuredmedia":[{"embeddable":true,"href":"https:\/\/powergenset.nl\/de\/wp-json\/wp\/v2\/media\/2271"}],"wp:attachment":[{"href":"https:\/\/powergenset.nl\/de\/wp-json\/wp\/v2\/media?parent=2981"}],"wp:term":[{"taxonomy":"product-category","embeddable":true,"href":"https:\/\/powergenset.nl\/de\/wp-json\/wp\/v2\/product-category?post=2981"}],"curies":[{"name":"wp","href":"https:\/\/api.w.org\/{rel}","templated":true}]}}